{"id":894,"date":"2018-07-11T21:23:22","date_gmt":"2018-07-11T21:23:22","guid":{"rendered":"http:\/\/fotografpodwodny.pl\/?page_id=894"},"modified":"2018-07-11T21:31:14","modified_gmt":"2018-07-11T21:31:14","slug":"agnieszka-cajzner","status":"publish","type":"page","link":"https:\/\/fotografpodwodny.pl\/index.php\/agnieszka-cajzner\/","title":{"rendered":"Agnieszka Cajzner"},"content":{"rendered":"\t\t<div data-elementor-type=\"wp-post\" data-elementor-id=\"894\" class=\"elementor elementor-894 elementor-bc-flex-widget\" data-elementor-post-type=\"page\">\n\t\t\t\t\t\t<section class=\"elementor-section elementor-top-section elementor-element elementor-element-1ab746f elementor-section-boxed elementor-section-height-default elementor-section-height-default\" data-id=\"1ab746f\" data-element_type=\"section\" data-e-type=\"section\">\n\t\t\t\t\t\t<div class=\"elementor-container elementor-column-gap-default\">\n\t\t\t\t\t<div class=\"elementor-column elementor-col-100 elementor-top-column elementor-element elementor-element-884679a\" data-id=\"884679a\" data-element_type=\"column\" data-e-type=\"column\">\n\t\t\t<div class=\"elementor-widget-wrap elementor-element-populated\">\n\t\t\t\t\t\t<div class=\"elementor-element elementor-element-774c676 elementor-drop-cap-yes elementor-drop-cap-view-default elementor-invisible elementor-widget elementor-widget-text-editor\" data-id=\"774c676\" data-element_type=\"widget\" data-e-type=\"widget\" data-settings=\"{&quot;drop_cap&quot;:&quot;yes&quot;,&quot;_animation&quot;:&quot;zoomIn&quot;}\" data-widget_type=\"text-editor.default\">\n\t\t\t\t<div class=\"elementor-widget-container\">\n\t\t\t\t\t\t\t\t\t<p>Moja podwodna przygoda zacz\u0119\u0142a si\u0119 w 2011 roku. Na pocz\u0105tku by\u0142a cisza i s\u0142uchanie siebie\u2026 Nast\u0119pnie, podczas nurkowania zauwa\u017cy\u0142am podwodne \u017cycie &#8211; inny \u015bwiat. Za ka\u017cdym razem, gdy wchodz\u0119 do wody widz\u0119 co\u015b nowego. Czasem jest tego tak du\u017co, \u017ce brakuje s\u0142\u00f3w, by to opisa\u0107. Do fotografii podwodnej zainspirowa\u0142a mnie Irena Stangierska. Dzi\u0119ki niej nauczy\u0142am si\u0119 uchwyci\u0107 podwodn\u0105 chwil\u0119. I teraz nie wyobra\u017cam sobie nurkowania bez zabrania aparatu fotograficznego. Pod wod\u0105 uwielbiam wyszukiwa\u0107 najmniejsze i najbardziej p\u0142ochliwe stworzenia. Cho\u0107 w zale\u017cno\u015bci od miejsca, w kt\u00f3rym nurkuj\u0119, trafi\u0105 si\u0119 portrety i podwodne krajobrazy.<\/p><p>Zapraszam do mojej galerii.<\/p>\t\t\t\t\t\t\t\t<\/div>\n\t\t\t\t<\/div>\n\t\t\t\t\t<\/div>\n\t\t<\/div>\n\t\t\t\t\t<\/div>\n\t\t<\/section>\n\t\t\t\t<section class=\"elementor-section elementor-top-section elementor-element elementor-element-f8ed5c7 elementor-section-boxed elementor-section-height-default elementor-section-height-default\" data-id=\"f8ed5c7\" data-element_type=\"section\" data-e-type=\"section\">\n\t\t\t\t\t\t<div class=\"elementor-container elementor-column-gap-default\">\n\t\t\t\t\t<div class=\"elementor-column elementor-col-100 elementor-top-column elementor-element elementor-element-007fab9\" data-id=\"007fab9\" data-element_type=\"column\" data-e-type=\"column\">\n\t\t\t<div class=\"elementor-widget-wrap elementor-element-populated\">\n\t\t\t\t\t\t<div class=\"elementor-element elementor-element-d7582d5 elementor-widget elementor-widget-image-gallery\" data-id=\"d7582d5\" data-element_type=\"widget\" data-e-type=\"widget\" data-widget_type=\"image-gallery.default\">\n\t\t\t\t<div class=\"elementor-widget-container\">\n\t\t\t\t\t\t\t<div class=\"elementor-image-gallery\">\n\t\t\t<div id=\"dgwt-jg-1\" class='dgwt-jg-gallery dgwt-jg-1 dgwt-jg-lightbox-photoswipe dgwt-jg-effect-standard' data-last_row='center' data-margin='9' data-border='-1' data-row_height='150' data-max_row_height='9999' data-max_row_height_mobile='9999'><figure  class='dgwt-jg-item' data-size='2048x1536' data-sub-html=''><a  href='https:\/\/fotografpodwodny.pl\/wp-content\/uploads\/2018\/07\/AgnieszkaC2.jpg'><img decoding=\"async\" src=\"https:\/\/fotografpodwodny.pl\/wp-content\/uploads\/2018\/07\/AgnieszkaC2-768x576.jpg\" data-jg-srcset=\"https:\/\/fotografpodwodny.pl\/wp-content\/uploads\/2018\/07\/AgnieszkaC2-768x576.jpg 768w, https:\/\/fotografpodwodny.pl\/wp-content\/uploads\/2018\/07\/AgnieszkaC2-1024x768.jpg 1024w, https:\/\/fotografpodwodny.pl\/wp-content\/uploads\/2018\/07\/AgnieszkaC2.jpg 2048w\" sizes=\"(max-width: 720px) 100vw, 720px\" \/><figcaption class=\"dgwt-jg-caption\"><span class=\"dgwt-jg-caption__font--14\"><svg version=\"1.1\" class=\"dgwt-rwpgg-ico-loupe\" xmlns=\"http:\/\/www.w3.org\/2000\/svg\" xmlns:xlink=\"http:\/\/www.w3.org\/1999\/xlink\" x=\"0px\" y=\"0px\" fill=\"#FFFFFF\" width=\"28px\" height=\"28px\" viewBox=\"0 0 51 51\" xml:space=\"preserve\"><path d=\"M51.539,49.356L37.247,35.065c3.273-3.74,5.272-8.623,5.272-13.983c0-11.742-9.518-21.26-21.26-21.26 S0,9.339,0,21.082s9.518,21.26,21.26,21.26c5.361,0,10.244-1.999,13.983-5.272l14.292,14.292L51.539,49.356z M2.835,21.082 c0-10.176,8.249-18.425,18.425-18.425s18.425,8.249,18.425,18.425S31.436,39.507,21.26,39.507S2.835,31.258,2.835,21.082z\"\/><\/svg><\/span><\/figcaption><\/a><\/figure><figure  class='dgwt-jg-item' data-size='2048x1536' data-sub-html=''><a  href='https:\/\/fotografpodwodny.pl\/wp-content\/uploads\/2018\/07\/AgnieszkaC4.jpg'><img decoding=\"async\" src=\"https:\/\/fotografpodwodny.pl\/wp-content\/uploads\/2018\/07\/AgnieszkaC4-768x576.jpg\" data-jg-srcset=\"https:\/\/fotografpodwodny.pl\/wp-content\/uploads\/2018\/07\/AgnieszkaC4-768x576.jpg 768w, https:\/\/fotografpodwodny.pl\/wp-content\/uploads\/2018\/07\/AgnieszkaC4-1024x768.jpg 1024w, https:\/\/fotografpodwodny.pl\/wp-content\/uploads\/2018\/07\/AgnieszkaC4.jpg 2048w\" sizes=\"(max-width: 720px) 100vw, 720px\" \/><figcaption class=\"dgwt-jg-caption\"><span class=\"dgwt-jg-caption__font--14\"><svg version=\"1.1\" class=\"dgwt-rwpgg-ico-loupe\" xmlns=\"http:\/\/www.w3.org\/2000\/svg\" xmlns:xlink=\"http:\/\/www.w3.org\/1999\/xlink\" x=\"0px\" y=\"0px\" fill=\"#FFFFFF\" width=\"28px\" height=\"28px\" viewBox=\"0 0 51 51\" xml:space=\"preserve\"><path d=\"M51.539,49.356L37.247,35.065c3.273-3.74,5.272-8.623,5.272-13.983c0-11.742-9.518-21.26-21.26-21.26 S0,9.339,0,21.082s9.518,21.26,21.26,21.26c5.361,0,10.244-1.999,13.983-5.272l14.292,14.292L51.539,49.356z M2.835,21.082 c0-10.176,8.249-18.425,18.425-18.425s18.425,8.249,18.425,18.425S31.436,39.507,21.26,39.507S2.835,31.258,2.835,21.082z\"\/><\/svg><\/span><\/figcaption><\/a><\/figure><figure  class='dgwt-jg-item' data-size='2048x1536' data-sub-html=''><a  href='https:\/\/fotografpodwodny.pl\/wp-content\/uploads\/2018\/07\/AgnieszkaC3.jpg'><img decoding=\"async\" src=\"https:\/\/fotografpodwodny.pl\/wp-content\/uploads\/2018\/07\/AgnieszkaC3-768x576.jpg\" data-jg-srcset=\"https:\/\/fotografpodwodny.pl\/wp-content\/uploads\/2018\/07\/AgnieszkaC3-768x576.jpg 768w, https:\/\/fotografpodwodny.pl\/wp-content\/uploads\/2018\/07\/AgnieszkaC3-1024x768.jpg 1024w, https:\/\/fotografpodwodny.pl\/wp-content\/uploads\/2018\/07\/AgnieszkaC3.jpg 2048w\" sizes=\"(max-width: 720px) 100vw, 720px\" \/><figcaption class=\"dgwt-jg-caption\"><span class=\"dgwt-jg-caption__font--14\"><svg version=\"1.1\" class=\"dgwt-rwpgg-ico-loupe\" xmlns=\"http:\/\/www.w3.org\/2000\/svg\" xmlns:xlink=\"http:\/\/www.w3.org\/1999\/xlink\" x=\"0px\" y=\"0px\" fill=\"#FFFFFF\" width=\"28px\" height=\"28px\" viewBox=\"0 0 51 51\" xml:space=\"preserve\"><path d=\"M51.539,49.356L37.247,35.065c3.273-3.74,5.272-8.623,5.272-13.983c0-11.742-9.518-21.26-21.26-21.26 S0,9.339,0,21.082s9.518,21.26,21.26,21.26c5.361,0,10.244-1.999,13.983-5.272l14.292,14.292L51.539,49.356z M2.835,21.082 c0-10.176,8.249-18.425,18.425-18.425s18.425,8.249,18.425,18.425S31.436,39.507,21.26,39.507S2.835,31.258,2.835,21.082z\"\/><\/svg><\/span><\/figcaption><\/a><\/figure><figure  class='dgwt-jg-item' data-size='2048x1536' data-sub-html=''><a  href='https:\/\/fotografpodwodny.pl\/wp-content\/uploads\/2018\/07\/AgnieszkaC6.jpg'><img decoding=\"async\" src=\"https:\/\/fotografpodwodny.pl\/wp-content\/uploads\/2018\/07\/AgnieszkaC6-768x576.jpg\" data-jg-srcset=\"https:\/\/fotografpodwodny.pl\/wp-content\/uploads\/2018\/07\/AgnieszkaC6-768x576.jpg 768w, https:\/\/fotografpodwodny.pl\/wp-content\/uploads\/2018\/07\/AgnieszkaC6-1024x768.jpg 1024w, https:\/\/fotografpodwodny.pl\/wp-content\/uploads\/2018\/07\/AgnieszkaC6.jpg 2048w\" sizes=\"(max-width: 720px) 100vw, 720px\" \/><figcaption class=\"dgwt-jg-caption\"><span class=\"dgwt-jg-caption__font--14\"><svg version=\"1.1\" class=\"dgwt-rwpgg-ico-loupe\" xmlns=\"http:\/\/www.w3.org\/2000\/svg\" xmlns:xlink=\"http:\/\/www.w3.org\/1999\/xlink\" x=\"0px\" y=\"0px\" fill=\"#FFFFFF\" width=\"28px\" height=\"28px\" viewBox=\"0 0 51 51\" xml:space=\"preserve\"><path d=\"M51.539,49.356L37.247,35.065c3.273-3.74,5.272-8.623,5.272-13.983c0-11.742-9.518-21.26-21.26-21.26 S0,9.339,0,21.082s9.518,21.26,21.26,21.26c5.361,0,10.244-1.999,13.983-5.272l14.292,14.292L51.539,49.356z M2.835,21.082 c0-10.176,8.249-18.425,18.425-18.425s18.425,8.249,18.425,18.425S31.436,39.507,21.26,39.507S2.835,31.258,2.835,21.082z\"\/><\/svg><\/span><\/figcaption><\/a><\/figure><figure  class='dgwt-jg-item' data-size='2048x1536' data-sub-html=''><a  href='https:\/\/fotografpodwodny.pl\/wp-content\/uploads\/2018\/07\/AgnieszkaC1.jpg'><img decoding=\"async\" src=\"https:\/\/fotografpodwodny.pl\/wp-content\/uploads\/2018\/07\/AgnieszkaC1-768x576.jpg\" data-jg-srcset=\"https:\/\/fotografpodwodny.pl\/wp-content\/uploads\/2018\/07\/AgnieszkaC1-768x576.jpg 768w, https:\/\/fotografpodwodny.pl\/wp-content\/uploads\/2018\/07\/AgnieszkaC1-1024x768.jpg 1024w, https:\/\/fotografpodwodny.pl\/wp-content\/uploads\/2018\/07\/AgnieszkaC1.jpg 2048w\" sizes=\"(max-width: 720px) 100vw, 720px\" \/><figcaption class=\"dgwt-jg-caption\"><span class=\"dgwt-jg-caption__font--14\"><svg version=\"1.1\" class=\"dgwt-rwpgg-ico-loupe\" xmlns=\"http:\/\/www.w3.org\/2000\/svg\" xmlns:xlink=\"http:\/\/www.w3.org\/1999\/xlink\" x=\"0px\" y=\"0px\" fill=\"#FFFFFF\" width=\"28px\" height=\"28px\" viewBox=\"0 0 51 51\" xml:space=\"preserve\"><path d=\"M51.539,49.356L37.247,35.065c3.273-3.74,5.272-8.623,5.272-13.983c0-11.742-9.518-21.26-21.26-21.26 S0,9.339,0,21.082s9.518,21.26,21.26,21.26c5.361,0,10.244-1.999,13.983-5.272l14.292,14.292L51.539,49.356z M2.835,21.082 c0-10.176,8.249-18.425,18.425-18.425s18.425,8.249,18.425,18.425S31.436,39.507,21.26,39.507S2.835,31.258,2.835,21.082z\"\/><\/svg><\/span><\/figcaption><\/a><\/figure><figure  class='dgwt-jg-item' data-size='2048x1536' data-sub-html=''><a  href='https:\/\/fotografpodwodny.pl\/wp-content\/uploads\/2018\/07\/AgnieszkaC15.jpg'><img decoding=\"async\" src=\"https:\/\/fotografpodwodny.pl\/wp-content\/uploads\/2018\/07\/AgnieszkaC15-768x576.jpg\" data-jg-srcset=\"https:\/\/fotografpodwodny.pl\/wp-content\/uploads\/2018\/07\/AgnieszkaC15-768x576.jpg 768w, https:\/\/fotografpodwodny.pl\/wp-content\/uploads\/2018\/07\/AgnieszkaC15-1024x768.jpg 1024w, https:\/\/fotografpodwodny.pl\/wp-content\/uploads\/2018\/07\/AgnieszkaC15.jpg 2048w\" sizes=\"(max-width: 720px) 100vw, 720px\" \/><figcaption class=\"dgwt-jg-caption\"><span class=\"dgwt-jg-caption__font--14\"><svg version=\"1.1\" class=\"dgwt-rwpgg-ico-loupe\" xmlns=\"http:\/\/www.w3.org\/2000\/svg\" xmlns:xlink=\"http:\/\/www.w3.org\/1999\/xlink\" x=\"0px\" y=\"0px\" fill=\"#FFFFFF\" width=\"28px\" height=\"28px\" viewBox=\"0 0 51 51\" xml:space=\"preserve\"><path d=\"M51.539,49.356L37.247,35.065c3.273-3.74,5.272-8.623,5.272-13.983c0-11.742-9.518-21.26-21.26-21.26 S0,9.339,0,21.082s9.518,21.26,21.26,21.26c5.361,0,10.244-1.999,13.983-5.272l14.292,14.292L51.539,49.356z M2.835,21.082 c0-10.176,8.249-18.425,18.425-18.425s18.425,8.249,18.425,18.425S31.436,39.507,21.26,39.507S2.835,31.258,2.835,21.082z\"\/><\/svg><\/span><\/figcaption><\/a><\/figure><figure  class='dgwt-jg-item' data-size='2048x2048' data-sub-html=''><a  href='https:\/\/fotografpodwodny.pl\/wp-content\/uploads\/2018\/07\/AgnieszkaC14.jpg'><img decoding=\"async\" src=\"https:\/\/fotografpodwodny.pl\/wp-content\/uploads\/2018\/07\/AgnieszkaC14-768x768.jpg\" data-jg-srcset=\"https:\/\/fotografpodwodny.pl\/wp-content\/uploads\/2018\/07\/AgnieszkaC14-768x768.jpg 768w, https:\/\/fotografpodwodny.pl\/wp-content\/uploads\/2018\/07\/AgnieszkaC14-150x150.jpg 150w, https:\/\/fotografpodwodny.pl\/wp-content\/uploads\/2018\/07\/AgnieszkaC14-1024x1024.jpg 1024w, https:\/\/fotografpodwodny.pl\/wp-content\/uploads\/2018\/07\/AgnieszkaC14.jpg 2048w\" sizes=\"(max-width: 720px) 100vw, 720px\" \/><figcaption class=\"dgwt-jg-caption\"><span class=\"dgwt-jg-caption__font--14\"><svg version=\"1.1\" class=\"dgwt-rwpgg-ico-loupe\" xmlns=\"http:\/\/www.w3.org\/2000\/svg\" xmlns:xlink=\"http:\/\/www.w3.org\/1999\/xlink\" x=\"0px\" y=\"0px\" fill=\"#FFFFFF\" width=\"28px\" height=\"28px\" viewBox=\"0 0 51 51\" xml:space=\"preserve\"><path d=\"M51.539,49.356L37.247,35.065c3.273-3.74,5.272-8.623,5.272-13.983c0-11.742-9.518-21.26-21.26-21.26 S0,9.339,0,21.082s9.518,21.26,21.26,21.26c5.361,0,10.244-1.999,13.983-5.272l14.292,14.292L51.539,49.356z M2.835,21.082 c0-10.176,8.249-18.425,18.425-18.425s18.425,8.249,18.425,18.425S31.436,39.507,21.26,39.507S2.835,31.258,2.835,21.082z\"\/><\/svg><\/span><\/figcaption><\/a><\/figure><figure  class='dgwt-jg-item' data-size='2048x1365' data-sub-html=''><a  href='https:\/\/fotografpodwodny.pl\/wp-content\/uploads\/2018\/07\/AgnieszkaC12.jpg'><img decoding=\"async\" src=\"https:\/\/fotografpodwodny.pl\/wp-content\/uploads\/2018\/07\/AgnieszkaC12-768x512.jpg\" data-jg-srcset=\"https:\/\/fotografpodwodny.pl\/wp-content\/uploads\/2018\/07\/AgnieszkaC12-768x512.jpg 768w, https:\/\/fotografpodwodny.pl\/wp-content\/uploads\/2018\/07\/AgnieszkaC12-1024x683.jpg 1024w, https:\/\/fotografpodwodny.pl\/wp-content\/uploads\/2018\/07\/AgnieszkaC12.jpg 2048w\" sizes=\"(max-width: 720px) 100vw, 720px\" \/><figcaption class=\"dgwt-jg-caption\"><span class=\"dgwt-jg-caption__font--14\"><svg version=\"1.1\" class=\"dgwt-rwpgg-ico-loupe\" xmlns=\"http:\/\/www.w3.org\/2000\/svg\" xmlns:xlink=\"http:\/\/www.w3.org\/1999\/xlink\" x=\"0px\" y=\"0px\" fill=\"#FFFFFF\" width=\"28px\" height=\"28px\" viewBox=\"0 0 51 51\" xml:space=\"preserve\"><path d=\"M51.539,49.356L37.247,35.065c3.273-3.74,5.272-8.623,5.272-13.983c0-11.742-9.518-21.26-21.26-21.26 S0,9.339,0,21.082s9.518,21.26,21.26,21.26c5.361,0,10.244-1.999,13.983-5.272l14.292,14.292L51.539,49.356z M2.835,21.082 c0-10.176,8.249-18.425,18.425-18.425s18.425,8.249,18.425,18.425S31.436,39.507,21.26,39.507S2.835,31.258,2.835,21.082z\"\/><\/svg><\/span><\/figcaption><\/a><\/figure><figure  class='dgwt-jg-item' data-size='2048x1230' data-sub-html=''><a  href='https:\/\/fotografpodwodny.pl\/wp-content\/uploads\/2018\/07\/AgnieszkaC11.jpg'><img decoding=\"async\" src=\"https:\/\/fotografpodwodny.pl\/wp-content\/uploads\/2018\/07\/AgnieszkaC11-768x461.jpg\" data-jg-srcset=\"https:\/\/fotografpodwodny.pl\/wp-content\/uploads\/2018\/07\/AgnieszkaC11-768x461.jpg 768w, https:\/\/fotografpodwodny.pl\/wp-content\/uploads\/2018\/07\/AgnieszkaC11-1024x615.jpg 1024w, https:\/\/fotografpodwodny.pl\/wp-content\/uploads\/2018\/07\/AgnieszkaC11.jpg 2048w\" sizes=\"(max-width: 720px) 100vw, 720px\" \/><figcaption class=\"dgwt-jg-caption\"><span class=\"dgwt-jg-caption__font--14\"><svg version=\"1.1\" class=\"dgwt-rwpgg-ico-loupe\" xmlns=\"http:\/\/www.w3.org\/2000\/svg\" xmlns:xlink=\"http:\/\/www.w3.org\/1999\/xlink\" x=\"0px\" y=\"0px\" fill=\"#FFFFFF\" width=\"28px\" height=\"28px\" viewBox=\"0 0 51 51\" xml:space=\"preserve\"><path d=\"M51.539,49.356L37.247,35.065c3.273-3.74,5.272-8.623,5.272-13.983c0-11.742-9.518-21.26-21.26-21.26 S0,9.339,0,21.082s9.518,21.26,21.26,21.26c5.361,0,10.244-1.999,13.983-5.272l14.292,14.292L51.539,49.356z M2.835,21.082 c0-10.176,8.249-18.425,18.425-18.425s18.425,8.249,18.425,18.425S31.436,39.507,21.26,39.507S2.835,31.258,2.835,21.082z\"\/><\/svg><\/span><\/figcaption><\/a><\/figure><figure  class='dgwt-jg-item' data-size='2048x1365' data-sub-html=''><a  href='https:\/\/fotografpodwodny.pl\/wp-content\/uploads\/2018\/07\/AgnieszkaC9.jpg'><img decoding=\"async\" src=\"https:\/\/fotografpodwodny.pl\/wp-content\/uploads\/2018\/07\/AgnieszkaC9-768x512.jpg\" data-jg-srcset=\"https:\/\/fotografpodwodny.pl\/wp-content\/uploads\/2018\/07\/AgnieszkaC9-768x512.jpg 768w, https:\/\/fotografpodwodny.pl\/wp-content\/uploads\/2018\/07\/AgnieszkaC9-1024x683.jpg 1024w, https:\/\/fotografpodwodny.pl\/wp-content\/uploads\/2018\/07\/AgnieszkaC9.jpg 2048w\" sizes=\"(max-width: 720px) 100vw, 720px\" \/><figcaption class=\"dgwt-jg-caption\"><span class=\"dgwt-jg-caption__font--14\"><svg version=\"1.1\" class=\"dgwt-rwpgg-ico-loupe\" xmlns=\"http:\/\/www.w3.org\/2000\/svg\" xmlns:xlink=\"http:\/\/www.w3.org\/1999\/xlink\" x=\"0px\" y=\"0px\" fill=\"#FFFFFF\" width=\"28px\" height=\"28px\" viewBox=\"0 0 51 51\" xml:space=\"preserve\"><path d=\"M51.539,49.356L37.247,35.065c3.273-3.74,5.272-8.623,5.272-13.983c0-11.742-9.518-21.26-21.26-21.26 S0,9.339,0,21.082s9.518,21.26,21.26,21.26c5.361,0,10.244-1.999,13.983-5.272l14.292,14.292L51.539,49.356z M2.835,21.082 c0-10.176,8.249-18.425,18.425-18.425s18.425,8.249,18.425,18.425S31.436,39.507,21.26,39.507S2.835,31.258,2.835,21.082z\"\/><\/svg><\/span><\/figcaption><\/a><\/figure><figure  class='dgwt-jg-item' data-size='2048x1172' data-sub-html=''><a  href='https:\/\/fotografpodwodny.pl\/wp-content\/uploads\/2018\/07\/AgnieszkaC8.jpg'><img decoding=\"async\" src=\"https:\/\/fotografpodwodny.pl\/wp-content\/uploads\/2018\/07\/AgnieszkaC8-768x440.jpg\" data-jg-srcset=\"https:\/\/fotografpodwodny.pl\/wp-content\/uploads\/2018\/07\/AgnieszkaC8-768x440.jpg 768w, https:\/\/fotografpodwodny.pl\/wp-content\/uploads\/2018\/07\/AgnieszkaC8-1024x586.jpg 1024w, https:\/\/fotografpodwodny.pl\/wp-content\/uploads\/2018\/07\/AgnieszkaC8.jpg 2048w\" sizes=\"(max-width: 720px) 100vw, 720px\" \/><figcaption class=\"dgwt-jg-caption\"><span class=\"dgwt-jg-caption__font--14\"><svg version=\"1.1\" class=\"dgwt-rwpgg-ico-loupe\" xmlns=\"http:\/\/www.w3.org\/2000\/svg\" xmlns:xlink=\"http:\/\/www.w3.org\/1999\/xlink\" x=\"0px\" y=\"0px\" fill=\"#FFFFFF\" width=\"28px\" height=\"28px\" viewBox=\"0 0 51 51\" xml:space=\"preserve\"><path d=\"M51.539,49.356L37.247,35.065c3.273-3.74,5.272-8.623,5.272-13.983c0-11.742-9.518-21.26-21.26-21.26 S0,9.339,0,21.082s9.518,21.26,21.26,21.26c5.361,0,10.244-1.999,13.983-5.272l14.292,14.292L51.539,49.356z M2.835,21.082 c0-10.176,8.249-18.425,18.425-18.425s18.425,8.249,18.425,18.425S31.436,39.507,21.26,39.507S2.835,31.258,2.835,21.082z\"\/><\/svg><\/span><\/figcaption><\/a><\/figure><figure  class='dgwt-jg-item' data-size='2048x1536' data-sub-html=''><a  href='https:\/\/fotografpodwodny.pl\/wp-content\/uploads\/2018\/07\/AgnieszkaC7.jpg'><img decoding=\"async\" src=\"https:\/\/fotografpodwodny.pl\/wp-content\/uploads\/2018\/07\/AgnieszkaC7-768x576.jpg\" data-jg-srcset=\"https:\/\/fotografpodwodny.pl\/wp-content\/uploads\/2018\/07\/AgnieszkaC7-768x576.jpg 768w, https:\/\/fotografpodwodny.pl\/wp-content\/uploads\/2018\/07\/AgnieszkaC7-1024x768.jpg 1024w, https:\/\/fotografpodwodny.pl\/wp-content\/uploads\/2018\/07\/AgnieszkaC7.jpg 2048w\" sizes=\"(max-width: 720px) 100vw, 720px\" \/><figcaption class=\"dgwt-jg-caption\"><span class=\"dgwt-jg-caption__font--14\"><svg version=\"1.1\" class=\"dgwt-rwpgg-ico-loupe\" xmlns=\"http:\/\/www.w3.org\/2000\/svg\" xmlns:xlink=\"http:\/\/www.w3.org\/1999\/xlink\" x=\"0px\" y=\"0px\" fill=\"#FFFFFF\" width=\"28px\" height=\"28px\" viewBox=\"0 0 51 51\" xml:space=\"preserve\"><path d=\"M51.539,49.356L37.247,35.065c3.273-3.74,5.272-8.623,5.272-13.983c0-11.742-9.518-21.26-21.26-21.26 S0,9.339,0,21.082s9.518,21.26,21.26,21.26c5.361,0,10.244-1.999,13.983-5.272l14.292,14.292L51.539,49.356z M2.835,21.082 c0-10.176,8.249-18.425,18.425-18.425s18.425,8.249,18.425,18.425S31.436,39.507,21.26,39.507S2.835,31.258,2.835,21.082z\"\/><\/svg><\/span><\/figcaption><\/a><\/figure><figure  class='dgwt-jg-item' data-size='2048x1365' data-sub-html=''><a  href='https:\/\/fotografpodwodny.pl\/wp-content\/uploads\/2018\/07\/AgnieszkaC10.jpg'><img decoding=\"async\" src=\"https:\/\/fotografpodwodny.pl\/wp-content\/uploads\/2018\/07\/AgnieszkaC10-768x512.jpg\" data-jg-srcset=\"https:\/\/fotografpodwodny.pl\/wp-content\/uploads\/2018\/07\/AgnieszkaC10-768x512.jpg 768w, https:\/\/fotografpodwodny.pl\/wp-content\/uploads\/2018\/07\/AgnieszkaC10-1024x683.jpg 1024w, https:\/\/fotografpodwodny.pl\/wp-content\/uploads\/2018\/07\/AgnieszkaC10.jpg 2048w\" sizes=\"(max-width: 720px) 100vw, 720px\" \/><figcaption class=\"dgwt-jg-caption\"><span class=\"dgwt-jg-caption__font--14\"><svg version=\"1.1\" class=\"dgwt-rwpgg-ico-loupe\" xmlns=\"http:\/\/www.w3.org\/2000\/svg\" xmlns:xlink=\"http:\/\/www.w3.org\/1999\/xlink\" x=\"0px\" y=\"0px\" fill=\"#FFFFFF\" width=\"28px\" height=\"28px\" viewBox=\"0 0 51 51\" xml:space=\"preserve\"><path d=\"M51.539,49.356L37.247,35.065c3.273-3.74,5.272-8.623,5.272-13.983c0-11.742-9.518-21.26-21.26-21.26 S0,9.339,0,21.082s9.518,21.26,21.26,21.26c5.361,0,10.244-1.999,13.983-5.272l14.292,14.292L51.539,49.356z M2.835,21.082 c0-10.176,8.249-18.425,18.425-18.425s18.425,8.249,18.425,18.425S31.436,39.507,21.26,39.507S2.835,31.258,2.835,21.082z\"\/><\/svg><\/span><\/figcaption><\/a><\/figure><figure  class='dgwt-jg-item' data-size='2048x1536' data-sub-html=''><a  href='https:\/\/fotografpodwodny.pl\/wp-content\/uploads\/2018\/07\/AgnieszkaC5.jpg'><img decoding=\"async\" src=\"https:\/\/fotografpodwodny.pl\/wp-content\/uploads\/2018\/07\/AgnieszkaC5-768x576.jpg\" data-jg-srcset=\"https:\/\/fotografpodwodny.pl\/wp-content\/uploads\/2018\/07\/AgnieszkaC5-768x576.jpg 768w, https:\/\/fotografpodwodny.pl\/wp-content\/uploads\/2018\/07\/AgnieszkaC5-1024x768.jpg 1024w, https:\/\/fotografpodwodny.pl\/wp-content\/uploads\/2018\/07\/AgnieszkaC5.jpg 2048w\" sizes=\"(max-width: 720px) 100vw, 720px\" \/><figcaption class=\"dgwt-jg-caption\"><span class=\"dgwt-jg-caption__font--14\"><svg version=\"1.1\" class=\"dgwt-rwpgg-ico-loupe\" xmlns=\"http:\/\/www.w3.org\/2000\/svg\" xmlns:xlink=\"http:\/\/www.w3.org\/1999\/xlink\" x=\"0px\" y=\"0px\" fill=\"#FFFFFF\" width=\"28px\" height=\"28px\" viewBox=\"0 0 51 51\" xml:space=\"preserve\"><path d=\"M51.539,49.356L37.247,35.065c3.273-3.74,5.272-8.623,5.272-13.983c0-11.742-9.518-21.26-21.26-21.26 S0,9.339,0,21.082s9.518,21.26,21.26,21.26c5.361,0,10.244-1.999,13.983-5.272l14.292,14.292L51.539,49.356z M2.835,21.082 c0-10.176,8.249-18.425,18.425-18.425s18.425,8.249,18.425,18.425S31.436,39.507,21.26,39.507S2.835,31.258,2.835,21.082z\"\/><\/svg><\/span><\/figcaption><\/a><\/figure><figure  class='dgwt-jg-item' data-size='1755x1920' data-sub-html=''><a  href='https:\/\/fotografpodwodny.pl\/wp-content\/uploads\/2018\/07\/AgnieszkaC13.jpg'><img decoding=\"async\" src=\"https:\/\/fotografpodwodny.pl\/wp-content\/uploads\/2018\/07\/AgnieszkaC13-768x840.jpg\" data-jg-srcset=\"https:\/\/fotografpodwodny.pl\/wp-content\/uploads\/2018\/07\/AgnieszkaC13-768x840.jpg 768w, https:\/\/fotografpodwodny.pl\/wp-content\/uploads\/2018\/07\/AgnieszkaC13-936x1024.jpg 936w, https:\/\/fotografpodwodny.pl\/wp-content\/uploads\/2018\/07\/AgnieszkaC13.jpg 1755w\" sizes=\"(max-width: 720px) 100vw, 720px\" \/><figcaption class=\"dgwt-jg-caption\"><span class=\"dgwt-jg-caption__font--14\"><svg version=\"1.1\" class=\"dgwt-rwpgg-ico-loupe\" xmlns=\"http:\/\/www.w3.org\/2000\/svg\" xmlns:xlink=\"http:\/\/www.w3.org\/1999\/xlink\" x=\"0px\" y=\"0px\" fill=\"#FFFFFF\" width=\"28px\" height=\"28px\" viewBox=\"0 0 51 51\" xml:space=\"preserve\"><path d=\"M51.539,49.356L37.247,35.065c3.273-3.74,5.272-8.623,5.272-13.983c0-11.742-9.518-21.26-21.26-21.26 S0,9.339,0,21.082s9.518,21.26,21.26,21.26c5.361,0,10.244-1.999,13.983-5.272l14.292,14.292L51.539,49.356z M2.835,21.082 c0-10.176,8.249-18.425,18.425-18.425s18.425,8.249,18.425,18.425S31.436,39.507,21.26,39.507S2.835,31.258,2.835,21.082z\"\/><\/svg><\/span><\/figcaption><\/a><\/figure><\/div>\n\t\t<\/div>\n\t\t\t\t\t\t<\/div>\n\t\t\t\t<\/div>\n\t\t\t\t\t<\/div>\n\t\t<\/div>\n\t\t\t\t\t<\/div>\n\t\t<\/section>\n\t\t\t\t<\/div>\n\t\t","protected":false},"excerpt":{"rendered":"<p>Moja podwodna przygoda zacz\u0119\u0142a si\u0119 w 2011 roku. Na pocz\u0105tku by\u0142a cisza i s\u0142uchanie siebie\u2026 Nast\u0119pnie, podczas nurkowania zauwa\u017cy\u0142am podwodne \u017cycie &#8211; inny \u015bwiat. Za ka\u017cdym razem, gdy wchodz\u0119 do wody widz\u0119 co\u015b nowego. Czasem jest tego tak du\u017co, \u017ce brakuje s\u0142\u00f3w, by to opisa\u0107. Do fotografii podwodnej zainspirowa\u0142a mnie Irena Stangierska. Dzi\u0119ki niej nauczy\u0142am [&hellip;]<\/p>\n","protected":false},"author":1,"featured_media":0,"parent":0,"menu_order":0,"comment_status":"closed","ping_status":"closed","template":"","meta":{"_monsterinsights_skip_tracking":false,"_monsterinsights_sitenote_active":false,"_monsterinsights_sitenote_note":"","_monsterinsights_sitenote_category":0,"footnotes":""},"class_list":["post-894","page","type-page","status-publish","hentry"],"_links":{"self":[{"href":"https:\/\/fotografpodwodny.pl\/index.php\/wp-json\/wp\/v2\/pages\/894","targetHints":{"allow":["GET"]}}],"collection":[{"href":"https:\/\/fotografpodwodny.pl\/index.php\/wp-json\/wp\/v2\/pages"}],"about":[{"href":"https:\/\/fotografpodwodny.pl\/index.php\/wp-json\/wp\/v2\/types\/page"}],"author":[{"embeddable":true,"href":"https:\/\/fotografpodwodny.pl\/index.php\/wp-json\/wp\/v2\/users\/1"}],"replies":[{"embeddable":true,"href":"https:\/\/fotografpodwodny.pl\/index.php\/wp-json\/wp\/v2\/comments?post=894"}],"version-history":[{"count":3,"href":"https:\/\/fotografpodwodny.pl\/index.php\/wp-json\/wp\/v2\/pages\/894\/revisions"}],"predecessor-version":[{"id":913,"href":"https:\/\/fotografpodwodny.pl\/index.php\/wp-json\/wp\/v2\/pages\/894\/revisions\/913"}],"wp:attachment":[{"href":"https:\/\/fotografpodwodny.pl\/index.php\/wp-json\/wp\/v2\/media?parent=894"}],"curies":[{"name":"wp","href":"https:\/\/api.w.org\/{rel}","templated":true}]}}