{"id":4025,"date":"2024-03-04T16:11:13","date_gmt":"2024-03-04T16:11:13","guid":{"rendered":"https:\/\/fotografpodwodny.pl\/?page_id=4025"},"modified":"2024-04-10T15:47:28","modified_gmt":"2024-04-10T15:47:28","slug":"edward-godawa","status":"publish","type":"page","link":"https:\/\/fotografpodwodny.pl\/index.php\/edward-godawa\/","title":{"rendered":"Edward Godawa"},"content":{"rendered":"\t\t<div data-elementor-type=\"wp-page\" data-elementor-id=\"4025\" class=\"elementor elementor-4025\" data-elementor-post-type=\"page\">\n\t\t\t\t\t\t<section class=\"elementor-section elementor-top-section elementor-element elementor-element-8204ac6 elementor-section-boxed elementor-section-height-default elementor-section-height-default\" data-id=\"8204ac6\" data-element_type=\"section\" data-e-type=\"section\">\n\t\t\t\t\t\t<div class=\"elementor-container elementor-column-gap-default\">\n\t\t\t\t\t<div class=\"elementor-column elementor-col-100 elementor-top-column elementor-element elementor-element-41d598c\" data-id=\"41d598c\" data-element_type=\"column\" data-e-type=\"column\">\n\t\t\t<div class=\"elementor-widget-wrap elementor-element-populated\">\n\t\t\t\t\t\t<div class=\"elementor-element elementor-element-2adc124 elementor-drop-cap-yes elementor-drop-cap-view-default elementor-widget elementor-widget-text-editor\" data-id=\"2adc124\" data-element_type=\"widget\" data-e-type=\"widget\" data-settings=\"{&quot;drop_cap&quot;:&quot;yes&quot;}\" data-widget_type=\"text-editor.default\">\n\t\t\t\t<div class=\"elementor-widget-container\">\n\t\t\t\t\t\t\t\t\t<p>Fotografi\u0105 interesowa\u0142em si\u0119 ju\u017c w czasach szkolnych. Wychodzi\u0142em na miasto, chwytaj\u0105c obiektywem mojego Zenita uliczne scenki, a nast\u0119pnie wywo\u0142uj\u0105c je w czerwonym o\u015bwietleniu naszej licealnej ciemni. Lata bieg\u0142y, a pasja do fotografowania nadal by\u0142a ze mn\u0105.<\/p><p>Pewnego dnia po raz pierwszy zanurzy\u0142em si\u0119 pod powierzchni\u0119 wody. Gdy tylko uda\u0142o mi si\u0119 dostatecznie opanowa\u0107 sprz\u0119t nurkowy i p\u0142ywalno\u015b\u0107, natychmiast wzi\u0105\u0142em pod wod\u0119 aparat. Morze b\u0142yskawicznie i brutalnie pokaza\u0142o mi, \u017ce to co do tej pory wiedzia\u0142em o fotografii nie ma tutaj \u017cadnej warto\u015bci. Pr\u00f3buj\u0105c ulepszy\u0107 moje kadry zd\u0105\u017cy\u0142em utopi\u0107 dwa pierwsze aparaty i szybko zrozumia\u0142em, \u017ce potrzebuj\u0119 eksperta kt\u00f3ry mi wyja\u015bni, jak robi\u0107 dobre zdj\u0119cia pod wod\u0105. W ten spos\u00f3b znalaz\u0142em si\u0119 na kursie fotografii podwodnej prowadzonym przez Piotra St\u00f3sa. Min\u0119\u0142y kolejne lata i kolejne zanurzenia z aparatem w d\u0142oni. Przyzwyczai\u0142em si\u0119 do \u201epaj\u0105ka\u201d tak bardzo, \u017ce w tych rzadkich przypadkach kiedy p\u0142ywa\u0142em bez niego, mia\u0142em wra\u017cenie \u017ce amputowano mi r\u0119k\u0119\u2026 Teraz nie mog\u0119 wyobrazi\u0107 sobie nurkowania bez robienia zdj\u0119\u0107.<\/p><p>Nie mam ulubionego rodzaju fotografii podwodnej. Fotografuj\u0119 podczas nurkowa\u0144 rekreacyjnych i moje sceny nie s\u0105 aran\u017cowane. Najcz\u0119\u015bciej robi\u0119 szerokok\u0105tne uj\u0119cia raf, zwierzak\u00f3w, ale r\u00f3wnie ch\u0119tnie dokumentuj\u0119 wraki. Chcia\u0142bym wykonywa\u0107 wi\u0119cej zdj\u0119\u0107 makro, ale do tej pory nie mia\u0142em do tego zbyt wielu okazji. Sprz\u0119towo wykorzystuj\u0119 system micro 4\/3, a m\u00f3j aktualny aparat to Olympus E-M1 Mark 2.<\/p>\t\t\t\t\t\t\t\t<\/div>\n\t\t\t\t<\/div>\n\t\t\t\t\t<\/div>\n\t\t<\/div>\n\t\t\t\t\t<\/div>\n\t\t<\/section>\n\t\t\t\t<section class=\"elementor-section elementor-top-section elementor-element elementor-element-424b8d3 elementor-section-boxed elementor-section-height-default elementor-section-height-default\" data-id=\"424b8d3\" data-element_type=\"section\" data-e-type=\"section\">\n\t\t\t\t\t\t<div class=\"elementor-container elementor-column-gap-default\">\n\t\t\t\t\t<div class=\"elementor-column elementor-col-100 elementor-top-column elementor-element elementor-element-4c4eebf\" data-id=\"4c4eebf\" data-element_type=\"column\" data-e-type=\"column\">\n\t\t\t<div class=\"elementor-widget-wrap elementor-element-populated\">\n\t\t\t\t\t\t<div class=\"elementor-element elementor-element-bd6797a elementor-widget elementor-widget-image-gallery\" data-id=\"bd6797a\" data-element_type=\"widget\" data-e-type=\"widget\" data-widget_type=\"image-gallery.default\">\n\t\t\t\t<div class=\"elementor-widget-container\">\n\t\t\t\t\t\t\t<div class=\"elementor-image-gallery\">\n\t\t\t<div id='gallery-1' class='gallery galleryid-4025 gallery-columns-4 gallery-size-thumbnail'><dl class='gallery-item'>\n\t\t\t<dt class='gallery-icon landscape'>\n\t\t\t\t<a  href='https:\/\/fotografpodwodny.pl\/wp-content\/uploads\/2024\/03\/EdwardGodawa-29.jpg'><img decoding=\"async\" width=\"150\" height=\"150\" src=\"https:\/\/fotografpodwodny.pl\/wp-content\/uploads\/2024\/03\/EdwardGodawa-29-150x150.jpg\" class=\"attachment-thumbnail size-thumbnail\" alt=\"\" \/><\/a>\n\t\t\t<\/dt><\/dl><dl class='gallery-item'>\n\t\t\t<dt class='gallery-icon landscape'>\n\t\t\t\t<a  href='https:\/\/fotografpodwodny.pl\/wp-content\/uploads\/2024\/03\/EdwardGodawa-5.jpg'><img decoding=\"async\" width=\"150\" height=\"150\" src=\"https:\/\/fotografpodwodny.pl\/wp-content\/uploads\/2024\/03\/EdwardGodawa-5-150x150.jpg\" class=\"attachment-thumbnail size-thumbnail\" alt=\"\" \/><\/a>\n\t\t\t<\/dt><\/dl><dl class='gallery-item'>\n\t\t\t<dt class='gallery-icon landscape'>\n\t\t\t\t<a  href='https:\/\/fotografpodwodny.pl\/wp-content\/uploads\/2024\/03\/EdwardGodawa-4.jpg'><img decoding=\"async\" width=\"150\" height=\"150\" src=\"https:\/\/fotografpodwodny.pl\/wp-content\/uploads\/2024\/03\/EdwardGodawa-4-150x150.jpg\" class=\"attachment-thumbnail size-thumbnail\" alt=\"\" \/><\/a>\n\t\t\t<\/dt><\/dl><dl class='gallery-item'>\n\t\t\t<dt class='gallery-icon landscape'>\n\t\t\t\t<a  href='https:\/\/fotografpodwodny.pl\/wp-content\/uploads\/2024\/03\/EdwardGodawa.jpg'><img loading=\"lazy\" decoding=\"async\" width=\"150\" height=\"150\" src=\"https:\/\/fotografpodwodny.pl\/wp-content\/uploads\/2024\/03\/EdwardGodawa-150x150.jpg\" class=\"attachment-thumbnail size-thumbnail\" alt=\"\" \/><\/a>\n\t\t\t<\/dt><\/dl><br style=\"clear: both\" \/><dl class='gallery-item'>\n\t\t\t<dt class='gallery-icon landscape'>\n\t\t\t\t<a  href='https:\/\/fotografpodwodny.pl\/wp-content\/uploads\/2024\/03\/EdwardGodawa-2.jpg'><img loading=\"lazy\" decoding=\"async\" width=\"150\" height=\"150\" src=\"https:\/\/fotografpodwodny.pl\/wp-content\/uploads\/2024\/03\/EdwardGodawa-2-150x150.jpg\" class=\"attachment-thumbnail size-thumbnail\" alt=\"\" \/><\/a>\n\t\t\t<\/dt><\/dl><dl class='gallery-item'>\n\t\t\t<dt class='gallery-icon landscape'>\n\t\t\t\t<a  href='https:\/\/fotografpodwodny.pl\/wp-content\/uploads\/2024\/03\/EdwardGodawa-3.jpg'><img loading=\"lazy\" decoding=\"async\" width=\"150\" height=\"150\" src=\"https:\/\/fotografpodwodny.pl\/wp-content\/uploads\/2024\/03\/EdwardGodawa-3-150x150.jpg\" class=\"attachment-thumbnail size-thumbnail\" alt=\"\" \/><\/a>\n\t\t\t<\/dt><\/dl><dl class='gallery-item'>\n\t\t\t<dt class='gallery-icon portrait'>\n\t\t\t\t<a  href='https:\/\/fotografpodwodny.pl\/wp-content\/uploads\/2024\/03\/EdwardGodawa-6.jpg'><img loading=\"lazy\" decoding=\"async\" width=\"150\" height=\"150\" src=\"https:\/\/fotografpodwodny.pl\/wp-content\/uploads\/2024\/03\/EdwardGodawa-6-150x150.jpg\" class=\"attachment-thumbnail size-thumbnail\" alt=\"\" \/><\/a>\n\t\t\t<\/dt><\/dl><dl class='gallery-item'>\n\t\t\t<dt class='gallery-icon landscape'>\n\t\t\t\t<a  href='https:\/\/fotografpodwodny.pl\/wp-content\/uploads\/2024\/03\/EdwardGodawa-7.jpg'><img loading=\"lazy\" decoding=\"async\" width=\"150\" height=\"150\" src=\"https:\/\/fotografpodwodny.pl\/wp-content\/uploads\/2024\/03\/EdwardGodawa-7-150x150.jpg\" class=\"attachment-thumbnail size-thumbnail\" alt=\"\" \/><\/a>\n\t\t\t<\/dt><\/dl><br style=\"clear: both\" \/><dl class='gallery-item'>\n\t\t\t<dt class='gallery-icon portrait'>\n\t\t\t\t<a  href='https:\/\/fotografpodwodny.pl\/wp-content\/uploads\/2024\/03\/EdwardGodawa-8.jpg'><img loading=\"lazy\" decoding=\"async\" width=\"150\" height=\"150\" src=\"https:\/\/fotografpodwodny.pl\/wp-content\/uploads\/2024\/03\/EdwardGodawa-8-150x150.jpg\" class=\"attachment-thumbnail size-thumbnail\" alt=\"\" \/><\/a>\n\t\t\t<\/dt><\/dl><dl class='gallery-item'>\n\t\t\t<dt class='gallery-icon landscape'>\n\t\t\t\t<a  href='https:\/\/fotografpodwodny.pl\/wp-content\/uploads\/2024\/03\/EdwardGodawa-23.jpg'><img loading=\"lazy\" decoding=\"async\" width=\"150\" height=\"150\" src=\"https:\/\/fotografpodwodny.pl\/wp-content\/uploads\/2024\/03\/EdwardGodawa-23-150x150.jpg\" class=\"attachment-thumbnail size-thumbnail\" alt=\"\" \/><\/a>\n\t\t\t<\/dt><\/dl><dl class='gallery-item'>\n\t\t\t<dt class='gallery-icon landscape'>\n\t\t\t\t<a  href='https:\/\/fotografpodwodny.pl\/wp-content\/uploads\/2024\/03\/EdwardGodawa-9.jpg'><img loading=\"lazy\" decoding=\"async\" width=\"150\" height=\"150\" src=\"https:\/\/fotografpodwodny.pl\/wp-content\/uploads\/2024\/03\/EdwardGodawa-9-150x150.jpg\" class=\"attachment-thumbnail size-thumbnail\" alt=\"\" \/><\/a>\n\t\t\t<\/dt><\/dl><dl class='gallery-item'>\n\t\t\t<dt class='gallery-icon portrait'>\n\t\t\t\t<a  href='https:\/\/fotografpodwodny.pl\/wp-content\/uploads\/2024\/03\/EdwardGodawa-10.jpg'><img loading=\"lazy\" decoding=\"async\" width=\"150\" height=\"150\" src=\"https:\/\/fotografpodwodny.pl\/wp-content\/uploads\/2024\/03\/EdwardGodawa-10-150x150.jpg\" class=\"attachment-thumbnail size-thumbnail\" alt=\"\" \/><\/a>\n\t\t\t<\/dt><\/dl><br style=\"clear: both\" \/><dl class='gallery-item'>\n\t\t\t<dt class='gallery-icon landscape'>\n\t\t\t\t<a  href='https:\/\/fotografpodwodny.pl\/wp-content\/uploads\/2024\/03\/EdwardGodawa-11.jpg'><img loading=\"lazy\" decoding=\"async\" width=\"150\" height=\"150\" src=\"https:\/\/fotografpodwodny.pl\/wp-content\/uploads\/2024\/03\/EdwardGodawa-11-150x150.jpg\" class=\"attachment-thumbnail size-thumbnail\" alt=\"\" \/><\/a>\n\t\t\t<\/dt><\/dl><dl class='gallery-item'>\n\t\t\t<dt class='gallery-icon landscape'>\n\t\t\t\t<a  href='https:\/\/fotografpodwodny.pl\/wp-content\/uploads\/2024\/03\/EdwardGodawa-12.jpg'><img loading=\"lazy\" decoding=\"async\" width=\"150\" height=\"150\" src=\"https:\/\/fotografpodwodny.pl\/wp-content\/uploads\/2024\/03\/EdwardGodawa-12-150x150.jpg\" class=\"attachment-thumbnail size-thumbnail\" alt=\"\" \/><\/a>\n\t\t\t<\/dt><\/dl><dl class='gallery-item'>\n\t\t\t<dt class='gallery-icon portrait'>\n\t\t\t\t<a  href='https:\/\/fotografpodwodny.pl\/wp-content\/uploads\/2024\/03\/EdwardGodawa-14.jpg'><img loading=\"lazy\" decoding=\"async\" width=\"150\" height=\"150\" src=\"https:\/\/fotografpodwodny.pl\/wp-content\/uploads\/2024\/03\/EdwardGodawa-14-150x150.jpg\" class=\"attachment-thumbnail size-thumbnail\" alt=\"\" \/><\/a>\n\t\t\t<\/dt><\/dl><dl class='gallery-item'>\n\t\t\t<dt class='gallery-icon portrait'>\n\t\t\t\t<a  href='https:\/\/fotografpodwodny.pl\/wp-content\/uploads\/2024\/03\/EdwardGodawa-15.jpg'><img loading=\"lazy\" decoding=\"async\" width=\"150\" height=\"150\" src=\"https:\/\/fotografpodwodny.pl\/wp-content\/uploads\/2024\/03\/EdwardGodawa-15-150x150.jpg\" class=\"attachment-thumbnail size-thumbnail\" alt=\"\" \/><\/a>\n\t\t\t<\/dt><\/dl><br style=\"clear: both\" \/><dl class='gallery-item'>\n\t\t\t<dt class='gallery-icon landscape'>\n\t\t\t\t<a  href='https:\/\/fotografpodwodny.pl\/wp-content\/uploads\/2024\/03\/EdwardGodawa-26.jpg'><img loading=\"lazy\" decoding=\"async\" width=\"150\" height=\"150\" src=\"https:\/\/fotografpodwodny.pl\/wp-content\/uploads\/2024\/03\/EdwardGodawa-26-150x150.jpg\" class=\"attachment-thumbnail size-thumbnail\" alt=\"\" \/><\/a>\n\t\t\t<\/dt><\/dl><dl class='gallery-item'>\n\t\t\t<dt class='gallery-icon landscape'>\n\t\t\t\t<a  href='https:\/\/fotografpodwodny.pl\/wp-content\/uploads\/2024\/03\/EdwardGodawa-18.jpg'><img loading=\"lazy\" decoding=\"async\" width=\"150\" height=\"150\" src=\"https:\/\/fotografpodwodny.pl\/wp-content\/uploads\/2024\/03\/EdwardGodawa-18-150x150.jpg\" class=\"attachment-thumbnail size-thumbnail\" alt=\"\" \/><\/a>\n\t\t\t<\/dt><\/dl><dl class='gallery-item'>\n\t\t\t<dt class='gallery-icon portrait'>\n\t\t\t\t<a  href='https:\/\/fotografpodwodny.pl\/wp-content\/uploads\/2024\/03\/EdwardGodawa-20.jpg'><img loading=\"lazy\" decoding=\"async\" width=\"150\" height=\"150\" src=\"https:\/\/fotografpodwodny.pl\/wp-content\/uploads\/2024\/03\/EdwardGodawa-20-150x150.jpg\" class=\"attachment-thumbnail size-thumbnail\" alt=\"\" \/><\/a>\n\t\t\t<\/dt><\/dl><dl class='gallery-item'>\n\t\t\t<dt class='gallery-icon portrait'>\n\t\t\t\t<a  href='https:\/\/fotografpodwodny.pl\/wp-content\/uploads\/2024\/03\/EdwardGodawa-22.jpg'><img loading=\"lazy\" decoding=\"async\" width=\"150\" height=\"150\" src=\"https:\/\/fotografpodwodny.pl\/wp-content\/uploads\/2024\/03\/EdwardGodawa-22-150x150.jpg\" class=\"attachment-thumbnail size-thumbnail\" alt=\"\" \/><\/a>\n\t\t\t<\/dt><\/dl><br style=\"clear: both\" \/><dl class='gallery-item'>\n\t\t\t<dt class='gallery-icon portrait'>\n\t\t\t\t<a  href='https:\/\/fotografpodwodny.pl\/wp-content\/uploads\/2024\/03\/EdwardGodawa-24.jpg'><img loading=\"lazy\" decoding=\"async\" width=\"150\" height=\"150\" src=\"https:\/\/fotografpodwodny.pl\/wp-content\/uploads\/2024\/03\/EdwardGodawa-24-150x150.jpg\" class=\"attachment-thumbnail size-thumbnail\" alt=\"\" \/><\/a>\n\t\t\t<\/dt><\/dl><dl class='gallery-item'>\n\t\t\t<dt class='gallery-icon portrait'>\n\t\t\t\t<a  href='https:\/\/fotografpodwodny.pl\/wp-content\/uploads\/2024\/03\/EdwardGodawa-25.jpg'><img loading=\"lazy\" decoding=\"async\" width=\"150\" height=\"150\" src=\"https:\/\/fotografpodwodny.pl\/wp-content\/uploads\/2024\/03\/EdwardGodawa-25-150x150.jpg\" class=\"attachment-thumbnail size-thumbnail\" alt=\"\" \/><\/a>\n\t\t\t<\/dt><\/dl><dl class='gallery-item'>\n\t\t\t<dt class='gallery-icon portrait'>\n\t\t\t\t<a  href='https:\/\/fotografpodwodny.pl\/wp-content\/uploads\/2024\/03\/EdwardGodawa-33.jpg'><img loading=\"lazy\" decoding=\"async\" width=\"150\" height=\"150\" src=\"https:\/\/fotografpodwodny.pl\/wp-content\/uploads\/2024\/03\/EdwardGodawa-33-150x150.jpg\" class=\"attachment-thumbnail size-thumbnail\" alt=\"\" \/><\/a>\n\t\t\t<\/dt><\/dl><dl class='gallery-item'>\n\t\t\t<dt class='gallery-icon portrait'>\n\t\t\t\t<a  href='https:\/\/fotografpodwodny.pl\/wp-content\/uploads\/2024\/03\/EdwardGodawa-16.jpg'><img loading=\"lazy\" decoding=\"async\" width=\"150\" height=\"150\" src=\"https:\/\/fotografpodwodny.pl\/wp-content\/uploads\/2024\/03\/EdwardGodawa-16-150x150.jpg\" class=\"attachment-thumbnail size-thumbnail\" alt=\"\" \/><\/a>\n\t\t\t<\/dt><\/dl><br style=\"clear: both\" \/><dl class='gallery-item'>\n\t\t\t<dt class='gallery-icon landscape'>\n\t\t\t\t<a  href='https:\/\/fotografpodwodny.pl\/wp-content\/uploads\/2024\/03\/EdwardGodawa-27.jpg'><img loading=\"lazy\" decoding=\"async\" width=\"150\" height=\"150\" src=\"https:\/\/fotografpodwodny.pl\/wp-content\/uploads\/2024\/03\/EdwardGodawa-27-150x150.jpg\" class=\"attachment-thumbnail size-thumbnail\" alt=\"\" \/><\/a>\n\t\t\t<\/dt><\/dl><dl class='gallery-item'>\n\t\t\t<dt class='gallery-icon landscape'>\n\t\t\t\t<a  href='https:\/\/fotografpodwodny.pl\/wp-content\/uploads\/2024\/03\/EdwardGodawa-30.jpg'><img loading=\"lazy\" decoding=\"async\" width=\"150\" height=\"150\" src=\"https:\/\/fotografpodwodny.pl\/wp-content\/uploads\/2024\/03\/EdwardGodawa-30-150x150.jpg\" class=\"attachment-thumbnail size-thumbnail\" alt=\"\" \/><\/a>\n\t\t\t<\/dt><\/dl><dl class='gallery-item'>\n\t\t\t<dt class='gallery-icon landscape'>\n\t\t\t\t<a  href='https:\/\/fotografpodwodny.pl\/wp-content\/uploads\/2024\/03\/EdwardGodawa-36.jpg'><img loading=\"lazy\" decoding=\"async\" width=\"150\" height=\"150\" src=\"https:\/\/fotografpodwodny.pl\/wp-content\/uploads\/2024\/03\/EdwardGodawa-36-150x150.jpg\" class=\"attachment-thumbnail size-thumbnail\" alt=\"\" \/><\/a>\n\t\t\t<\/dt><\/dl><dl class='gallery-item'>\n\t\t\t<dt class='gallery-icon portrait'>\n\t\t\t\t<a  href='https:\/\/fotografpodwodny.pl\/wp-content\/uploads\/2024\/03\/EdwardGodawa-34.jpg'><img loading=\"lazy\" decoding=\"async\" width=\"150\" height=\"150\" src=\"https:\/\/fotografpodwodny.pl\/wp-content\/uploads\/2024\/03\/EdwardGodawa-34-150x150.jpg\" class=\"attachment-thumbnail size-thumbnail\" alt=\"\" \/><\/a>\n\t\t\t<\/dt><\/dl><br style=\"clear: both\" \/><dl class='gallery-item'>\n\t\t\t<dt class='gallery-icon portrait'>\n\t\t\t\t<a  href='https:\/\/fotografpodwodny.pl\/wp-content\/uploads\/2024\/03\/EdwardGodawa-35.jpg'><img loading=\"lazy\" decoding=\"async\" width=\"150\" height=\"150\" src=\"https:\/\/fotografpodwodny.pl\/wp-content\/uploads\/2024\/03\/EdwardGodawa-35-150x150.jpg\" class=\"attachment-thumbnail size-thumbnail\" alt=\"\" \/><\/a>\n\t\t\t<\/dt><\/dl>\n\t\t\t<br style='clear: both' \/>\n\t\t<\/div>\n\t\t<\/div>\n\t\t\t\t\t\t<\/div>\n\t\t\t\t<\/div>\n\t\t\t\t\t<\/div>\n\t\t<\/div>\n\t\t\t\t\t<\/div>\n\t\t<\/section>\n\t\t\t\t<\/div>\n\t\t","protected":false},"excerpt":{"rendered":"<p>Fotografi\u0105 interesowa\u0142em si\u0119 ju\u017c w czasach szkolnych. Wychodzi\u0142em na miasto, chwytaj\u0105c obiektywem mojego Zenita uliczne scenki, a nast\u0119pnie wywo\u0142uj\u0105c je w czerwonym o\u015bwietleniu naszej licealnej ciemni. Lata bieg\u0142y, a pasja do fotografowania nadal by\u0142a ze mn\u0105. Pewnego dnia po raz pierwszy zanurzy\u0142em si\u0119 pod powierzchni\u0119 wody. Gdy tylko uda\u0142o mi si\u0119 dostatecznie opanowa\u0107 sprz\u0119t nurkowy [&hellip;]<\/p>\n","protected":false},"author":1,"featured_media":0,"parent":0,"menu_order":0,"comment_status":"closed","ping_status":"closed","template":"","meta":{"_monsterinsights_skip_tracking":false,"_monsterinsights_sitenote_active":false,"_monsterinsights_sitenote_note":"","_monsterinsights_sitenote_category":0,"footnotes":""},"class_list":["post-4025","page","type-page","status-publish","hentry"],"_links":{"self":[{"href":"https:\/\/fotografpodwodny.pl\/index.php\/wp-json\/wp\/v2\/pages\/4025","targetHints":{"allow":["GET"]}}],"collection":[{"href":"https:\/\/fotografpodwodny.pl\/index.php\/wp-json\/wp\/v2\/pages"}],"about":[{"href":"https:\/\/fotografpodwodny.pl\/index.php\/wp-json\/wp\/v2\/types\/page"}],"author":[{"embeddable":true,"href":"https:\/\/fotografpodwodny.pl\/index.php\/wp-json\/wp\/v2\/users\/1"}],"replies":[{"embeddable":true,"href":"https:\/\/fotografpodwodny.pl\/index.php\/wp-json\/wp\/v2\/comments?post=4025"}],"version-history":[{"count":10,"href":"https:\/\/fotografpodwodny.pl\/index.php\/wp-json\/wp\/v2\/pages\/4025\/revisions"}],"predecessor-version":[{"id":4068,"href":"https:\/\/fotografpodwodny.pl\/index.php\/wp-json\/wp\/v2\/pages\/4025\/revisions\/4068"}],"wp:attachment":[{"href":"https:\/\/fotografpodwodny.pl\/index.php\/wp-json\/wp\/v2\/media?parent=4025"}],"curies":[{"name":"wp","href":"https:\/\/api.w.org\/{rel}","templated":true}]}}