{"id":40,"date":"2018-05-23T11:28:21","date_gmt":"2018-05-23T11:28:21","guid":{"rendered":"http:\/\/fotografpodwodny.pl\/?page_id=40"},"modified":"2018-07-23T20:19:43","modified_gmt":"2018-07-23T20:19:43","slug":"strona-glowna","status":"publish","type":"page","link":"https:\/\/fotografpodwodny.pl\/","title":{"rendered":"Witamy na stronie"},"content":{"rendered":"\t\t<div data-elementor-type=\"wp-post\" data-elementor-id=\"40\" class=\"elementor elementor-40 elementor-bc-flex-widget\" data-elementor-post-type=\"page\">\n\t\t\t\t\t\t<section class=\"elementor-section elementor-top-section elementor-element elementor-element-764ca29 elementor-section-full_width elementor-section-height-default elementor-section-height-default\" data-id=\"764ca29\" data-element_type=\"section\" data-e-type=\"section\">\n\t\t\t\t\t\t<div class=\"elementor-container elementor-column-gap-default\">\n\t\t\t\t\t<div class=\"elementor-column elementor-col-100 elementor-top-column elementor-element elementor-element-ef6d0c5\" data-id=\"ef6d0c5\" data-element_type=\"column\" data-e-type=\"column\">\n\t\t\t<div class=\"elementor-widget-wrap elementor-element-populated\">\n\t\t\t\t\t\t<div class=\"elementor-element elementor-element-3db522b elementor-drop-cap-yes elementor-drop-cap-view-default elementor-widget elementor-widget-text-editor\" data-id=\"3db522b\" data-element_type=\"widget\" data-e-type=\"widget\" data-settings=\"{&quot;drop_cap&quot;:&quot;yes&quot;}\" data-widget_type=\"text-editor.default\">\n\t\t\t\t<div class=\"elementor-widget-container\">\n\t\t\t\t\t\t\t\t\t<p style=\"text-align: justify;\">Fotografia podwodna to szczeg\u00f3lny rodzaj utrwalania obraz\u00f3w przy u\u017cyciu aparatu, poniewa\u017c proces wykonywania zdj\u0119\u0107 odbywa si\u0119 w obcym dla cz\u0142owieka \u015brodowisku wodnym. Samo przebywanie pod wod\u0105 dostarcza wielu emocji nurkom, kt\u00f3rzy odwiedzaj\u0105 r\u00f3\u017cne miejsca na \u015awiecie. Niekt\u00f3rym z nich udaj\u0119 si\u0119 przedstawi\u0107 prze\u017cywane emocje na zdj\u0119ciach. W\u0142a\u015bnie takim osobom jest dedykowana ta strona. Galerie zdj\u0119\u0107 podwodnych s\u0105 szczeg\u00f3lne i w zasadzie do\u015b\u0107 odmienne od tych l\u0105dowych, dlatego celem tej strony jest przedstawienie Wam w jednym miejscu dzie\u0142 r\u00f3\u017cnych autor\u00f3w, kt\u00f3rzy po\u015bwi\u0119cili si\u0119 temu hobby i czerpi\u0105 z niego wiele rado\u015bci. R\u00f3\u017cnorodno\u015b\u0107 barw i kszta\u0142t\u00f3w jakie mo\u017cna dostrzec pod wod\u0105 s\u0105 utrwalane na zdj\u0119ciu po zastosowaniu filtru percepcyjnego jego autora, dzi\u0119ki temu nawet te same miejsca mog\u0105 by\u0107 przedstawione w inny ciekawy spos\u00f3b przez r\u00f3\u017cnych fotograf\u00f3w. Odwiedzaj\u0105cych gor\u0105co zapraszamy do ogl\u0105dania galerii.\u00a0<\/p>\t\t\t\t\t\t\t\t<\/div>\n\t\t\t\t<\/div>\n\t\t\t\t\t<\/div>\n\t\t<\/div>\n\t\t\t\t\t<\/div>\n\t\t<\/section>\n\t\t\t\t<section class=\"elementor-section elementor-top-section elementor-element elementor-element-078c283 elementor-section-full_width elementor-section-height-default elementor-section-height-default\" data-id=\"078c283\" data-element_type=\"section\" data-e-type=\"section\">\n\t\t\t\t\t\t<div class=\"elementor-container elementor-column-gap-default\">\n\t\t\t\t\t<div class=\"elementor-column elementor-col-100 elementor-top-column elementor-element elementor-element-c81d891\" data-id=\"c81d891\" data-element_type=\"column\" data-e-type=\"column\">\n\t\t\t<div class=\"elementor-widget-wrap elementor-element-populated\">\n\t\t\t\t\t\t<div class=\"elementor-element elementor-element-1e46328 elementor-widget elementor-widget-image\" data-id=\"1e46328\" data-element_type=\"widget\" data-e-type=\"widget\" data-widget_type=\"image.default\">\n\t\t\t\t<div class=\"elementor-widget-container\">\n\t\t\t\t\t\t\t\t\t\t\t\t\t\t\t<img fetchpriority=\"high\" decoding=\"async\" width=\"720\" height=\"509\" src=\"https:\/\/fotografpodwodny.pl\/wp-content\/uploads\/2018\/07\/TomekP27-768x543.jpg\" class=\"attachment-medium_large size-medium_large wp-image-1195\" alt=\"\" srcset=\"https:\/\/fotografpodwodny.pl\/wp-content\/uploads\/2018\/07\/TomekP27-768x543.jpg 768w, https:\/\/fotografpodwodny.pl\/wp-content\/uploads\/2018\/07\/TomekP27-1024x724.jpg 1024w, https:\/\/fotografpodwodny.pl\/wp-content\/uploads\/2018\/07\/TomekP27.jpg 2048w\" sizes=\"(max-width: 720px) 100vw, 720px\" \/>\t\t\t\t\t\t\t\t\t\t\t\t\t\t\t<\/div>\n\t\t\t\t<\/div>\n\t\t\t\t\t<\/div>\n\t\t<\/div>\n\t\t\t\t\t<\/div>\n\t\t<\/section>\n\t\t\t\t<section class=\"elementor-section elementor-top-section elementor-element elementor-element-4f9bc9c elementor-section-boxed elementor-section-height-default elementor-section-height-default\" data-id=\"4f9bc9c\" data-element_type=\"section\" data-e-type=\"section\">\n\t\t\t\t\t\t<div class=\"elementor-container elementor-column-gap-default\">\n\t\t\t\t\t<div class=\"elementor-column elementor-col-100 elementor-top-column elementor-element elementor-element-3892ffe\" data-id=\"3892ffe\" data-element_type=\"column\" data-e-type=\"column\">\n\t\t\t<div class=\"elementor-widget-wrap\">\n\t\t\t\t\t\t\t<\/div>\n\t\t<\/div>\n\t\t\t\t\t<\/div>\n\t\t<\/section>\n\t\t\t\t<section class=\"elementor-section elementor-top-section elementor-element elementor-element-a3557f1 elementor-section-boxed elementor-section-height-default elementor-section-height-default\" data-id=\"a3557f1\" data-element_type=\"section\" data-e-type=\"section\">\n\t\t\t\t\t\t<div class=\"elementor-container elementor-column-gap-default\">\n\t\t\t\t\t<div class=\"elementor-column elementor-col-100 elementor-top-column elementor-element elementor-element-ea92f48\" data-id=\"ea92f48\" data-element_type=\"column\" data-e-type=\"column\">\n\t\t\t<div class=\"elementor-widget-wrap elementor-element-populated\">\n\t\t\t\t\t\t<div class=\"elementor-element elementor-element-b64369c elementor-widget elementor-widget-text-editor\" data-id=\"b64369c\" data-element_type=\"widget\" data-e-type=\"widget\" data-widget_type=\"text-editor.default\">\n\t\t\t\t<div class=\"elementor-widget-container\">\n\t\t\t\t\t\t\t\t\t<p>Wszelkie pytania zwi\u0105zane ze stron\u0105 mo\u017cecie kierowa\u0107 na adres tomasz@podlustremwody.pl<\/p>\t\t\t\t\t\t\t\t<\/div>\n\t\t\t\t<\/div>\n\t\t\t\t\t<\/div>\n\t\t<\/div>\n\t\t\t\t\t<\/div>\n\t\t<\/section>\n\t\t\t\t<\/div>\n\t\t","protected":false},"excerpt":{"rendered":"<p>Fotografia podwodna to szczeg\u00f3lny rodzaj utrwalania obraz\u00f3w przy u\u017cyciu aparatu, poniewa\u017c proces wykonywania zdj\u0119\u0107 odbywa si\u0119 w obcym dla cz\u0142owieka \u015brodowisku wodnym. Samo przebywanie pod wod\u0105 dostarcza wielu emocji nurkom, kt\u00f3rzy odwiedzaj\u0105 r\u00f3\u017cne miejsca na \u015awiecie. Niekt\u00f3rym z nich udaj\u0119 si\u0119 przedstawi\u0107 prze\u017cywane emocje na zdj\u0119ciach. W\u0142a\u015bnie takim osobom jest dedykowana ta strona. Galerie zdj\u0119\u0107 [&hellip;]<\/p>\n","protected":false},"author":1,"featured_media":0,"parent":0,"menu_order":0,"comment_status":"closed","ping_status":"closed","template":"","meta":{"_monsterinsights_skip_tracking":false,"_monsterinsights_sitenote_active":false,"_monsterinsights_sitenote_note":"","_monsterinsights_sitenote_category":0,"footnotes":""},"class_list":["post-40","page","type-page","status-publish","hentry"],"_links":{"self":[{"href":"https:\/\/fotografpodwodny.pl\/index.php\/wp-json\/wp\/v2\/pages\/40","targetHints":{"allow":["GET"]}}],"collection":[{"href":"https:\/\/fotografpodwodny.pl\/index.php\/wp-json\/wp\/v2\/pages"}],"about":[{"href":"https:\/\/fotografpodwodny.pl\/index.php\/wp-json\/wp\/v2\/types\/page"}],"author":[{"embeddable":true,"href":"https:\/\/fotografpodwodny.pl\/index.php\/wp-json\/wp\/v2\/users\/1"}],"replies":[{"embeddable":true,"href":"https:\/\/fotografpodwodny.pl\/index.php\/wp-json\/wp\/v2\/comments?post=40"}],"version-history":[{"count":29,"href":"https:\/\/fotografpodwodny.pl\/index.php\/wp-json\/wp\/v2\/pages\/40\/revisions"}],"predecessor-version":[{"id":3895,"href":"https:\/\/fotografpodwodny.pl\/index.php\/wp-json\/wp\/v2\/pages\/40\/revisions\/3895"}],"wp:attachment":[{"href":"https:\/\/fotografpodwodny.pl\/index.php\/wp-json\/wp\/v2\/media?parent=40"}],"curies":[{"name":"wp","href":"https:\/\/api.w.org\/{rel}","templated":true}]}}